{"id":15,"date":"2015-07-13T13:50:51","date_gmt":"2015-07-13T11:50:51","guid":{"rendered":"http:\/\/friseur-langenmosen.de\/?page_id=15"},"modified":"2019-11-21T14:10:43","modified_gmt":"2019-11-21T12:10:43","slug":"pflegeprodukte2","status":"publish","type":"page","link":"https:\/\/friseur-langenmosen.de\/?page_id=15","title":{"rendered":"Pflegeprodukte2"},"content":{"rendered":"<p>Wie wir alle mittlerweise wissen, sch\u00e4digen alle chemischen Behandlungen wie Dauerwelle, T\u00f6nungen und F\u00e4rbungen nicht nur die Haare, sondern auch unseren K\u00f6rper.&nbsp;<strong>CulumNatura&nbsp;<\/strong>und&nbsp;<strong>Oliebe <\/strong>arbeiten ausschlie\u00dflich ohne chemische Konservierungsstoffe \/ Duft- oder Farbstoffe.<br \/>\nOhne chemische Emulgatoren, ohne Paraffin oder deren Derivate.&nbsp;<strong>WAS NICHT DRAUFSTEHT, IST AUCH NICHT DRIN!&nbsp;<\/strong>Mit naturreinen Pflanzenfarben wird das Haar geschlossen und erh\u00e4lt durch die Gerbstoffe einen Optimalen Glanz.<br \/>\nDas Haare bekommt deutlich mehr Volumen und Lebendigkeit.<\/p>\n<p><img decoding=\"async\" loading=\"lazy\" class=\"imgoha\" src=\"https:\/\/friseur-langenmosen.de\/wp-content\/uploads\/2015\/07\/7128neu-220x300.jpg\" alt=\"7128neu\" width=\"141\" height=\"193\"><img decoding=\"async\" loading=\"lazy\" class=\"alignnone size-medium wp-image-170\" src=\"https:\/\/friseur-langenmosen.de\/wp-content\/uploads\/2015\/07\/CULUMNATURA-Produkte-biozertifiziert-300x212.jpg\" alt=\"CULUMNATURA Produkte biozertifiziert\" width=\"300\" height=\"212\" srcset=\"https:\/\/friseur-langenmosen.de\/wp-content\/uploads\/2015\/07\/CULUMNATURA-Produkte-biozertifiziert-300x212.jpg 300w, https:\/\/friseur-langenmosen.de\/wp-content\/uploads\/2015\/07\/CULUMNATURA-Produkte-biozertifiziert-1024x724.jpg 1024w, https:\/\/friseur-langenmosen.de\/wp-content\/uploads\/2015\/07\/CULUMNATURA-Produkte-biozertifiziert-500x354.jpg 500w\" sizes=\"(max-width: 300px) 100vw, 300px\" \/><\/p>\n","protected":false},"excerpt":{"rendered":"<p>Wie wir alle mittlerweise wissen, sch\u00e4digen alle chemischen Behandlungen wie Dauerwelle, T\u00f6nungen und F\u00e4rbungen nicht nur die Haare, sondern auch unseren K\u00f6rper.&nbsp;CulumNatura&nbsp;und&nbsp;Oliebe arbeiten ausschlie\u00dflich ohne chemische Konservierungsstoffe \/ Duft- oder Farbstoffe. Ohne chemische Emulgatoren, ohne Paraffin oder deren Derivate.&nbsp;WAS NICHT DRAUFSTEHT, IST AUCH NICHT DRIN!&nbsp;Mit naturreinen Pflanzenfarben wird das Haar geschlossen und erh\u00e4lt durch die [&hellip;]<\/p>\n","protected":false},"author":1,"featured_media":0,"parent":0,"menu_order":0,"comment_status":"closed","ping_status":"closed","template":"","meta":[],"_links":{"self":[{"href":"https:\/\/friseur-langenmosen.de\/index.php?rest_route=\/wp\/v2\/pages\/15"}],"collection":[{"href":"https:\/\/friseur-langenmosen.de\/index.php?rest_route=\/wp\/v2\/pages"}],"about":[{"href":"https:\/\/friseur-langenmosen.de\/index.php?rest_route=\/wp\/v2\/types\/page"}],"author":[{"embeddable":true,"href":"https:\/\/friseur-langenmosen.de\/index.php?rest_route=\/wp\/v2\/users\/1"}],"replies":[{"embeddable":true,"href":"https:\/\/friseur-langenmosen.de\/index.php?rest_route=%2Fwp%2Fv2%2Fcomments&post=15"}],"version-history":[{"count":9,"href":"https:\/\/friseur-langenmosen.de\/index.php?rest_route=\/wp\/v2\/pages\/15\/revisions"}],"predecessor-version":[{"id":399,"href":"https:\/\/friseur-langenmosen.de\/index.php?rest_route=\/wp\/v2\/pages\/15\/revisions\/399"}],"wp:attachment":[{"href":"https:\/\/friseur-langenmosen.de\/index.php?rest_route=%2Fwp%2Fv2%2Fmedia&parent=15"}],"curies":[{"name":"wp","href":"https:\/\/api.w.org\/{rel}","templated":true}]}}