{"id":268,"date":"2018-11-22T10:55:01","date_gmt":"2018-11-22T08:55:01","guid":{"rendered":"https:\/\/friseur-langenmosen.de\/?page_id=268"},"modified":"2025-06-20T08:41:22","modified_gmt":"2025-06-20T06:41:22","slug":"naturfriseur","status":"publish","type":"page","link":"https:\/\/friseur-langenmosen.de\/?page_id=268","title":{"rendered":"Naturfriseur"},"content":{"rendered":"<p><strong><em>Sie waren noch nie bei einer Naturfriseurin und m\u00f6chten mehr \u00fcber Haargesundheit, Tipps und Wissenswertes f\u00fcr sch\u00f6nes gesundes Haar erfahren?<\/em><\/strong><\/p>\n<p><strong>Ich empfehle Ihnen zu Ihren ersten Termin eine Haarsprechstunde<\/strong><br>Haut und Haarsprechstunde: 30 \u2013 60 Minuten<br><strong>(Mein Stundensatz betr\u00e4gt 75.- Euro)<br><\/strong><\/p>\n<hr>\n<p class=\"st_ul\">Mein Angebot:<\/p>\n<ul style=\"list-style-type: square;\">\n<li>Ich nehme mir Zeit f\u00fcr eine individuelle Haar- und Kopfhautbeurteilung<\/li>\n<li>B\u00fcrstenmassage<\/li>\n<li>Frisuren und Haarschnitt unter Einbezug der nat\u00fcrlichen Haarbeschaffenheit<\/li>\n<li>Haar und Kopfhautkuren<\/li>\n<li>F\u00e4rben mit Pflanzenhaarfarben<\/li>\n<li>\u201eVerw\u00f6hn Haarw\u00e4sche\u201c in meiner chinesischen Waschliege ohne Druck auf Nacken und Halswirbels\u00e4ule, so bleibt der freie Fluss der Energie gew\u00e4hrleistet.<\/li>\n<\/ul>\n\n\n<div class=\"wp-block-image\"><figure class=\"aligncenter\"><img decoding=\"async\" src=\"https:\/\/friseur-langenmosen.de\/wp-content\/uploads\/2020\/07\/Waschliege.jpg\" alt=\"\" class=\"wp-image-328\"><figcaption>Waschliege<\/figcaption><\/figure><\/div>\n\n\n\n<p class=\"st_ul\"> B\u00fcrstenmassage:<\/p>\n\n\n\n<p>Zur Hochzeit unserer\nUrgro\u00dfmutter gab es h\u00e4ufig ein ganz pers\u00f6nliches Geschenk: eine Naturborstenb\u00fcrste\nf\u00fcr die 100 B\u00fcrstenstriche t\u00e4glich.<\/p>\n\n\n\n<p>Als Naturfriseure haben wir\ndas alte Wissen \u00fcber das richtige B\u00fcrsten neu belebt und in de moderne\nPflegephilosophie integriert.<\/p>\n\n\n\n<p>Ich bin \u00fcberzeugt davon, dass\nder richtige Einsatz einer qualitativhochwertigen B\u00fcrste aus 100 Prozent\nNaturborsten die Grundlage f\u00fcr gesunde Kopfhaut und sch\u00f6nes Haar ist.<\/p>\n\n\n\n<p>Nach der Nachtruhe empfiehlt\nes sich, die auf der Kopfhaut befindlichen Salze zu beseitigen. Der\nS\u00e4ureschutzmantel, bestehend aus Talg und Schwei\u00df (Sebum), wird mit Hilfe des\nB\u00fcrstens in die Haarl\u00e4ngen verteilt. Dort pflegt und gl\u00e4ttet er die Haare und\nh\u00e4lt sie nat\u00fcrlich geschmeidig.<\/p>\n\n\n\n<p>Ergebnis: eine gut\ndurchblutete und gesunde Kopfhaut mit gl\u00e4nzenden und geschmeidigen Haaren.<\/p>\n\n\n\n<p>Die CulumNatura-B\u00fcrste besteht\naus heimischen H\u00f6lzern und 100% reinen Naturborsten. Jede ist ein Unikat, von\nHand gefertigt und ergonomisch f\u00fcr Rechts- bzw. Linksh\u00e4nder geformt.<\/p>\n\n\n\n<p>Gerne berate ich Dich hierzu.<\/p>\n\n\n\n<div style=\"height:25px\" aria-hidden=\"true\" class=\"wp-block-spacer\"><\/div>\n\n\n\n<p class=\"st_ul\">Haarschnitt:<\/p>\n\n\n\n<p>Haarschnitt ist nicht gleich\nHaarschnitt: In erster Linie ist mir wichtig, dass Du nicht nur gut aussiehst,\nwenn Du meinen Natursalon verl\u00e4sst, sondern dich wochenlang wohlf\u00fchlst mit\nDeinen Haaren.<\/p>\n\n\n\n<p>Du kennst das sicher: Wenn Du\ngut gelaunt und voller Lebensfreude bist, sitzt die Frisur perfekt. Bist Du\naber krank, gestresst oder einfach nur genervt, so merkst Du das auch an den\nHaaren. Das liegt daran, dass Deine Haare auch ein Spiegel deiner Seele sind.<\/p>\n\n\n\n<p>P.S.: Bei mir darf auch\ngeschwiegen werden. Nicht, weil ich mich nicht gerne mit Dir unterhalten w\u00fcrde,\nsondern weil ich mich so vollkommen auf Dich und Deine Haare konzentrieren\nkann.<\/p>\n\n\n\n<p>Wenn ich esse, esse ich.<\/p>\n\n\n\n<p>Wenn ich laufe, laufe ich.<\/p>\n\n\n\n<p>Wenn ich spreche, spreche ich.<\/p>\n\n\n\n<p>Wenn ich meditiere, meditiere ich.<\/p>\n\n\n\n<p>Wenn ich Deine Haare b\u00fcrste, b\u00fcrste ich Deine Haare.<\/p>\n\n\n\n<p>Wenn ich Deine Haare schneide, schneide ich Deine Haare.<\/p>\n\n\n\n<p>Lass uns gemeinsam den Moment erleben.<\/p>\n\n\n\n<div style=\"height:25px\" aria-hidden=\"true\" class=\"wp-block-spacer\"><\/div>\n\n\n\n<p>Um Dich optimal beraten zu k\u00f6nnen, sprechen wir \u00fcber einige\nwichtige Punkte:<\/p>\n\n\n\n<ul>\n<li>Was hat dich bewogen, eine Naturfriseurin\naufzusuchen? <\/li>\n\n\n\n<li>Was ist Dir wichtig? <\/li>\n\n\n\n<li>Welche Fragen bringst Du mit?<\/li>\n\n\n\n<li>Wie pflegst Du bisher Haut und Haar?<\/li>\n\n\n\n<li>Welche Inhaltsstoffe sind in Deinen Produkten?\nDazu informiere ich Dich \u00fcber empfehlenswerte und weniger empfehlenswerte\nZutaten in Kosmetika.<\/li>\n\n\n\n<li>Ich sehe mir Dein Haar- und Hautbild genau an\nund frage nach Deinem Selbstbild: Was gef\u00e4llt dir an Deinen Haaren besonders\ngut? Was weniger? Gibt es Auff\u00e4lligkeiten, Besonderheiten?<\/li>\n\n\n\n<li>100 B\u00fcrstenstriche am Tag: das 1&#215;1 der\nnat\u00fcrlichen Haarpflege.<\/li>\n<\/ul>\n\n\n\n<div style=\"height:25px\" aria-hidden=\"true\" class=\"wp-block-spacer\"><\/div>\n\n\n\n<p class=\"st_ul\">Nat\u00fcrliche Hilfe bei Haarausfall<\/p>\n\n\n\n<p><em>Mit\ndem ganzheitlichen Konzept von YELASAI f\u00fcr kraftvolles Haar<\/em><\/p>\n\n\n\n<p>In fast allen Kulturen\nbetrachtet man sch\u00f6nes Haar als etwas ganz Besonderes, das es zu pflegen und zu\nerhalten gilt. Doch mehr denn je leidet die nat\u00fcrliche-Haarpracht unserer\nGeneration unter Problemen: Haarausfall bei M\u00e4nner und Frauen, d\u00fcnner werdendes\nHaar, kreisrunder Haarsaufall bis hin zum totalen Haarverlust. Als\nzertifizierte Haarwuchsspezialistin kann ich Ihnen weiterhelfen. Mit dem\nausgereiften Konzept von YELASAI, f\u00fcr nat\u00fcrliches und volles Haar je nach\nBedarf an Ihre Situation angepasst.<\/p>\n\n\n\n<p>Dank den ausgew\u00e4hlten\nPflegeprodukten und einer speziell entwickelten Haarwuchsaktivierenden\nKopfhautmassage k\u00f6nnen wir gute bis sehr gute Haarerfolge erzielen.<\/p>\n\n\n\n<p><strong>Lassen\nSie sich von mir als Haarwuchs-Spezialistin beraten \u2013 Ihrem Experten f\u00fcr\nnat\u00fcrliche und nachhaltige Hilfe bei Haarausfall.<\/strong><\/p>\n\n\n\n<p>Ich begleite und berate Sie\nbei Haarproblemen jeglicher Art durch gezielte ganzheitliche Vorgehensweise.<\/p>\n\n\n\n<p>Menschen von heute sind vielen\nHerausforderungen gleichzeitig ausgesetzt: Stress, Hektik im Alltag,\nUmweltbelastungen, mangelnde Qualit\u00e4t von Lebensmitteln und Getr\u00e4nken, wie auch\nfalsche Pflege der Kopfhaut k\u00f6nnen sich anstrengender auf unseren Organismus\nauswirken als oft dargestellt. Laut Statistik ist jede zweite Person von\nHaarverlust betroffen. Zirka seit dem Jahr 1999 verbreitet sich der sogenannte\nerblich bedingte Haarausfall auch bei Frauen. <\/p>\n\n\n\n<p>Mein ausgereiftes Konzept\nbesteht aus ayurvedisch inspirierter Haarpflegekosmetik, Nahrungserg\u00e4nzung und\nder Stimulation von Meridian- und Akkupressurpunkten \u00fcber die Kopfhaut. Selbst\nbei \u00fcber Jahrzehnte andauernden Haarproblemen biete ich nat\u00fcrliche und\nnachhaltige Haarpflege-L\u00f6sungen. Meine Methode zur Pflege der Haar- und\nKopfhaut begr\u00fcndet auf Jahrtausende altem ayurvedischem Wissen, welches durch\nneue wissenschaftliche Erkenntnisse unserer Zeit optimal erg\u00e4nzt wurde. Ich\nhabe eine professionelle und zertifizierte Ausbildung rund um das Thema Haare,\nHaarausfall und nat\u00fcrlichem Haarwuchs absolviert. Gerne stehe ich M\u00e4nnern und\nFrauen sowie Kindern mit meinem umfangreichen Fachwissen und meiner\nlangj\u00e4hrigen Erfahrung bei Haarthemen aller Art zur Seite:<\/p>\n\n\n\n<ul>\n<li>Nat\u00fcrliche Haarverdichtung durch Reaktivierung\nder eigenen Haarwurzeln<\/li>\n\n\n\n<li>Bei schwachen und kraftlosen Haaren<\/li>\n\n\n\n<li>Erblich bedingter Haarausfall oder Glatze<\/li>\n\n\n\n<li>Geheimratsecken<\/li>\n\n\n\n<li>Haarkranz<\/li>\n\n\n\n<li>Kreisrunder Haarausfall<\/li>\n<\/ul>\n\n\n\n<div style=\"height:5px\" aria-hidden=\"true\" class=\"wp-block-spacer\"><\/div>\n\n\n\n<h3>NEU:<br>Nat\u00fcrliche Hilfe bei Haarverlust<\/h3>\n\n\n\n<p><strong>Durch meine Ausbildung zur Haarwuchs-Spezialistin bei der <\/strong><a rel=\"noreferrer noopener\" aria-label=\"YELASAI GMBH (\u00f6ffnet in neuem Tab)\" href=\"https:\/\/www.yelasai.com\/de\/\" target=\"_blank\"><strong><u>YELASAI GMBH<\/u><\/strong><\/a><strong> kann ich professionell bei Haarausfall helfen.<\/strong><\/p>\n\n\n\n<p><strong>Sprechen Sie uns an&#8230;&nbsp;<\/strong><\/p><hr>\n","protected":false},"excerpt":{"rendered":"<p>Sie waren noch nie bei einer Naturfriseurin und m\u00f6chten mehr \u00fcber Haargesundheit, Tipps und Wissenswertes f\u00fcr sch\u00f6nes gesundes Haar erfahren? Ich empfehle Ihnen zu Ihren ersten Termin eine HaarsprechstundeHaut und Haarsprechstunde: 30 \u2013 60 Minuten(Mein Stundensatz betr\u00e4gt 75.- Euro) Mein Angebot: Ich nehme mir Zeit f\u00fcr eine individuelle Haar- und Kopfhautbeurteilung B\u00fcrstenmassage Frisuren und Haarschnitt [&hellip;]<\/p>\n","protected":false},"author":1,"featured_media":0,"parent":0,"menu_order":0,"comment_status":"closed","ping_status":"closed","template":"","meta":[],"_links":{"self":[{"href":"https:\/\/friseur-langenmosen.de\/index.php?rest_route=\/wp\/v2\/pages\/268"}],"collection":[{"href":"https:\/\/friseur-langenmosen.de\/index.php?rest_route=\/wp\/v2\/pages"}],"about":[{"href":"https:\/\/friseur-langenmosen.de\/index.php?rest_route=\/wp\/v2\/types\/page"}],"author":[{"embeddable":true,"href":"https:\/\/friseur-langenmosen.de\/index.php?rest_route=\/wp\/v2\/users\/1"}],"replies":[{"embeddable":true,"href":"https:\/\/friseur-langenmosen.de\/index.php?rest_route=%2Fwp%2Fv2%2Fcomments&post=268"}],"version-history":[{"count":51,"href":"https:\/\/friseur-langenmosen.de\/index.php?rest_route=\/wp\/v2\/pages\/268\/revisions"}],"predecessor-version":[{"id":434,"href":"https:\/\/friseur-langenmosen.de\/index.php?rest_route=\/wp\/v2\/pages\/268\/revisions\/434"}],"wp:attachment":[{"href":"https:\/\/friseur-langenmosen.de\/index.php?rest_route=%2Fwp%2Fv2%2Fmedia&parent=268"}],"curies":[{"name":"wp","href":"https:\/\/api.w.org\/{rel}","templated":true}]}}