{"id":5,"date":"2015-07-13T13:39:21","date_gmt":"2015-07-13T11:39:21","guid":{"rendered":"http:\/\/friseur-langenmosen.de\/?page_id=5"},"modified":"2020-07-23T11:39:12","modified_gmt":"2020-07-23T09:39:12","slug":"startseite","status":"publish","type":"page","link":"https:\/\/friseur-langenmosen.de\/","title":{"rendered":"Startseite"},"content":{"rendered":"<p>Der wertvollste Schmuck eines jeden Menschen, sind seine Haare und das gr\u00f6\u00dfte Organ des Menschen ist die Haut.<\/p>\n<p>Mit dieser Philosophie gehen wir an unsere Aufgaben heran. Eine ganzheitliche Beratung zu Kopfhaut und Haar steht bei uns im Vordergrund. Schonendes F\u00e4rben mit Pflanzenfarben tr\u00e4gt zum allgemeinen Wohlbefinden bei.<\/p>\n<p>Wir nehmen uns gerne Zeit f\u00fcr Sie!<\/p>\n<div class=\"home123\"><img decoding=\"async\" loading=\"lazy\" class=\"imgoha\" src=\"https:\/\/friseur-langenmosen.de\/wp-content\/uploads\/2020\/07\/mitarbeiter_2020.jpg\" alt=\"Mitarbeiter\" width=\"388\" height=\"218\"><img decoding=\"async\" loading=\"lazy\" class=\"imgoha\" src=\"https:\/\/friseur-langenmosen.de\/wp-content\/uploads\/2015\/07\/DSC_7103-300x200.jpg\" alt=\"DSC_7103\" width=\"217\" height=\"217\"><img decoding=\"async\" loading=\"lazy\" class=\"imgoha\" src=\"https:\/\/friseur-langenmosen.de\/wp-content\/uploads\/2015\/07\/DSC_7101-200x300.jpg\" alt=\"DSC_7101\" width=\"179\" height=\"216\"><\/div>\n","protected":false},"excerpt":{"rendered":"<p>Der wertvollste Schmuck eines jeden Menschen, sind seine Haare und das gr\u00f6\u00dfte Organ des Menschen ist die Haut. Mit dieser Philosophie gehen wir an unsere Aufgaben heran. Eine ganzheitliche Beratung zu Kopfhaut und Haar steht bei uns im Vordergrund. Schonendes F\u00e4rben mit Pflanzenfarben tr\u00e4gt zum allgemeinen Wohlbefinden bei. Wir nehmen uns gerne Zeit f\u00fcr Sie!<\/p>\n","protected":false},"author":1,"featured_media":0,"parent":0,"menu_order":0,"comment_status":"closed","ping_status":"closed","template":"","meta":[],"_links":{"self":[{"href":"https:\/\/friseur-langenmosen.de\/index.php?rest_route=\/wp\/v2\/pages\/5"}],"collection":[{"href":"https:\/\/friseur-langenmosen.de\/index.php?rest_route=\/wp\/v2\/pages"}],"about":[{"href":"https:\/\/friseur-langenmosen.de\/index.php?rest_route=\/wp\/v2\/types\/page"}],"author":[{"embeddable":true,"href":"https:\/\/friseur-langenmosen.de\/index.php?rest_route=\/wp\/v2\/users\/1"}],"replies":[{"embeddable":true,"href":"https:\/\/friseur-langenmosen.de\/index.php?rest_route=%2Fwp%2Fv2%2Fcomments&post=5"}],"version-history":[{"count":42,"href":"https:\/\/friseur-langenmosen.de\/index.php?rest_route=\/wp\/v2\/pages\/5\/revisions"}],"predecessor-version":[{"id":419,"href":"https:\/\/friseur-langenmosen.de\/index.php?rest_route=\/wp\/v2\/pages\/5\/revisions\/419"}],"wp:attachment":[{"href":"https:\/\/friseur-langenmosen.de\/index.php?rest_route=%2Fwp%2Fv2%2Fmedia&parent=5"}],"curies":[{"name":"wp","href":"https:\/\/api.w.org\/{rel}","templated":true}]}}