{"id":9,"date":"2015-07-13T13:43:15","date_gmt":"2015-07-13T11:43:15","guid":{"rendered":"http:\/\/friseur-langenmosen.de\/?page_id=9"},"modified":"2018-06-18T12:57:01","modified_gmt":"2018-06-18T10:57:01","slug":"pflanzenfarben","status":"publish","type":"page","link":"https:\/\/friseur-langenmosen.de\/?page_id=9","title":{"rendered":"Pflanzenfarben"},"content":{"rendered":"<p>Pflanzenfarben bewirken:<\/p>\n<ul style=\"list-style-type: square;\">\n<li>Die Gesunderhaltung der Kopfhaut<\/li>\n<li>Nat\u00fcrlicher Farbton<\/li>\n<li>Kr\u00e4ftigung des Haares<\/li>\n<li>Bei mehrmaliger Anwendung die Verbesserung der Haarqualit\u00e4t<\/li>\n<li>Mehr Glanz und F\u00fclle<\/li>\n<li>Lichtunempfindlichkeit (kein Ausbleichen)<\/li>\n<\/ul>\n<p>&nbsp;<\/p>\n<div class=\"pflanzenfarben\"><img decoding=\"async\" loading=\"lazy\" class=\"imgoha\" src=\"https:\/\/friseur-langenmosen.de\/wp-content\/uploads\/2015\/07\/fotolia1-300x152.png\" alt=\"fotolia1\" width=\"435\" height=\"220\" \/><img decoding=\"async\" loading=\"lazy\" class=\"imgoha\" src=\"https:\/\/friseur-langenmosen.de\/wp-content\/uploads\/2015\/07\/Fotolia_84253125_M-300x180.jpg\" alt=\"\" width=\"343\" height=\"220\" \/><\/div>\n","protected":false},"excerpt":{"rendered":"<p>Pflanzenfarben bewirken: Die Gesunderhaltung der Kopfhaut Nat\u00fcrlicher Farbton Kr\u00e4ftigung des Haares Bei mehrmaliger Anwendung die Verbesserung der Haarqualit\u00e4t Mehr Glanz und F\u00fclle Lichtunempfindlichkeit (kein Ausbleichen) &nbsp;<\/p>\n","protected":false},"author":1,"featured_media":0,"parent":0,"menu_order":0,"comment_status":"closed","ping_status":"closed","template":"","meta":[],"_links":{"self":[{"href":"https:\/\/friseur-langenmosen.de\/index.php?rest_route=\/wp\/v2\/pages\/9"}],"collection":[{"href":"https:\/\/friseur-langenmosen.de\/index.php?rest_route=\/wp\/v2\/pages"}],"about":[{"href":"https:\/\/friseur-langenmosen.de\/index.php?rest_route=\/wp\/v2\/types\/page"}],"author":[{"embeddable":true,"href":"https:\/\/friseur-langenmosen.de\/index.php?rest_route=\/wp\/v2\/users\/1"}],"replies":[{"embeddable":true,"href":"https:\/\/friseur-langenmosen.de\/index.php?rest_route=%2Fwp%2Fv2%2Fcomments&post=9"}],"version-history":[{"count":17,"href":"https:\/\/friseur-langenmosen.de\/index.php?rest_route=\/wp\/v2\/pages\/9\/revisions"}],"predecessor-version":[{"id":257,"href":"https:\/\/friseur-langenmosen.de\/index.php?rest_route=\/wp\/v2\/pages\/9\/revisions\/257"}],"wp:attachment":[{"href":"https:\/\/friseur-langenmosen.de\/index.php?rest_route=%2Fwp%2Fv2%2Fmedia&parent=9"}],"curies":[{"name":"wp","href":"https:\/\/api.w.org\/{rel}","templated":true}]}}